{"id":21,"date":"2026-03-04T15:39:11","date_gmt":"2026-03-04T15:39:11","guid":{"rendered":"https:\/\/www.flynetwork.it\/?page_id=21"},"modified":"2026-03-04T15:39:11","modified_gmt":"2026-03-04T15:39:11","slug":"chi-siamo","status":"publish","type":"page","link":"https:\/\/www.flynetwork.it\/?page_id=21","title":{"rendered":"CHI SIAMO"},"content":{"rendered":"\n<p>Fly Network \u00e8 un Operatore telefonico, Internet Service Provider (ISP) e Wireless Internet Service Provider (WISP), impegnato nel fornire servizi e soluzioni all&#8217;avanguardia nel campo delle telecomunicazioni e dell&#8217;information tecnology. E&#8217; specializzata nella progettazione, realizzazione, gestione e assistenza di infrastrutture di reti di telefonia e reti in tecnologia wireless per l&#8217;accesso ad internet a banda larga ed ultra banda larga.<\/p>\n\n\n\n<p>L\u2019azienda nasce nel 2017, oggi leader nel settore TLC, come fornitore di servizi per la telefonia fissa, internet e trasmissione dati, con l&#8217;obiettivo di diventare il punto di riferimento delle imprese e dei privati. Fly Network rende sempre disponibili le ultime tecnologie per poter offrire il meglio alla sua clientela in termini di performance, qualit\u00e0 e affidabilit\u00e0.<\/p>\n\n\n\n<p>L\u2019azienda oltre ad offrire servizi di telefonia di rete fissa, connettivit\u00e0 ADSL, HDSL e Fibra Ottica (FTTc e FTTh), vanta un rete proprietaria in ponte radio che permettere di raggiungere le zone non servite dai servizi di connettivit\u00e0 ADSL terrestre, offrendo quindi la possibilit\u00e0 di avere anche nelle zone non coperte servizi di connettivit\u00e0 a larga banda.<\/p>\n\n\n\n<p>Il nostro obiettivo \u00e8 fidelizzare con la qualit\u00e0 dei servizi la clientela acquisita, incrementandone costantemente il numero e la tipologia. Siamo presenti nei pi\u00f9 importanti mercati che caratterizzano il mondo delle telecomunicazioni, come realt\u00e0 consolidata, strutturata e all&#8217;avanguardia, protesa ad affrontare le principali sfide nazionali ed internazionali.<\/p>\n\n\n\n<p>Il nostro valore aggiunto tradotto in un grande vantaggio per il cliente \u00e8 di essere presenti sul territorio con i nostri tecnici, muniti di automezzi ed attrezzature all&#8217;avanguardia per riuscire a garantire in caso di assistenza tecnica, velocit\u00e0 e professionalit\u00e0 in maniera diretta senza intermediari o tecnici esterni all&#8217;azienda, riuscendo ad essere pi\u00f9 vicini ai nostri clienti. Fly Network: vicini alla nostra rete, vicini ai nostri clienti.<\/p>\n","protected":false},"excerpt":{"rendered":"<p>Fly Network \u00e8 un Operatore telefonico, Internet Service Provider (ISP) e Wireless Internet Service Provider (WISP), impegnato nel fornire servizi e soluzioni all&#8217;avanguardia nel campo delle telecomunicazioni e dell&#8217;information tecnology. E&#8217; specializzata nella progettazione, realizzazione, gestione e assistenza di infrastrutture di reti di telefonia e reti in tecnologia wireless per l&#8217;accesso ad internet a banda [&hellip;]<\/p>\n","protected":false},"author":1,"featured_media":0,"parent":0,"menu_order":0,"comment_status":"closed","ping_status":"closed","template":"","meta":{"advgb_blocks_editor_width":"","advgb_blocks_columns_visual_guide":"","footnotes":""},"class_list":["post-21","page","type-page","status-publish","hentry"],"coauthors":[],"author_meta":{"author_link":"https:\/\/www.flynetwork.it\/?author=1","display_name":"admin"},"relative_dates":{"created":"Pubblicato 2 mesi fa","modified":"Aggiornato 2 mesi fa"},"absolute_dates":{"created":"Pubblicato il Marzo 4, 2026","modified":"Aggiornato il Marzo 4, 2026"},"absolute_dates_time":{"created":"Pubblicato il Marzo 4, 2026 3:39 pm","modified":"Aggiornato il Marzo 4, 2026 3:39 pm"},"featured_img_caption":"","featured_img":false,"series_order":"","_links":{"self":[{"href":"https:\/\/www.flynetwork.it\/index.php?rest_route=\/wp\/v2\/pages\/21","targetHints":{"allow":["GET"]}}],"collection":[{"href":"https:\/\/www.flynetwork.it\/index.php?rest_route=\/wp\/v2\/pages"}],"about":[{"href":"https:\/\/www.flynetwork.it\/index.php?rest_route=\/wp\/v2\/types\/page"}],"author":[{"embeddable":true,"href":"https:\/\/www.flynetwork.it\/index.php?rest_route=\/wp\/v2\/users\/1"}],"replies":[{"embeddable":true,"href":"https:\/\/www.flynetwork.it\/index.php?rest_route=%2Fwp%2Fv2%2Fcomments&post=21"}],"version-history":[{"count":1,"href":"https:\/\/www.flynetwork.it\/index.php?rest_route=\/wp\/v2\/pages\/21\/revisions"}],"predecessor-version":[{"id":22,"href":"https:\/\/www.flynetwork.it\/index.php?rest_route=\/wp\/v2\/pages\/21\/revisions\/22"}],"wp:attachment":[{"href":"https:\/\/www.flynetwork.it\/index.php?rest_route=%2Fwp%2Fv2%2Fmedia&parent=21"}],"curies":[{"name":"wp","href":"https:\/\/api.w.org\/{rel}","templated":true}]}}